{"id":20,"date":"2025-07-13T02:23:30","date_gmt":"2025-07-13T00:23:30","guid":{"rendered":"http:\/\/localhost\/digit_all_test\/?page_id=20"},"modified":"2025-10-08T16:49:45","modified_gmt":"2025-10-08T14:49:45","slug":"nos-services","status":"publish","type":"page","link":"https:\/\/digitall.cf\/index.php\/nos-services\/","title":{"rendered":"Nos services"},"content":{"rendered":"\n<div class=\"wp-block-media-text alignfull is-stacked-on-mobile is-vertically-aligned-top\" style=\"grid-template-columns:42% auto\"><figure class=\"wp-block-media-text__media\"><img loading=\"lazy\" decoding=\"async\" width=\"469\" height=\"443\" src=\"http:\/\/localhost\/digit_all_test\/wp-content\/uploads\/2025\/10\/4_4.png\" alt=\"\" class=\"wp-image-217 size-full\" srcset=\"https:\/\/digitall.cf\/wp-content\/uploads\/2025\/10\/4_4.png 469w, https:\/\/digitall.cf\/wp-content\/uploads\/2025\/10\/4_4-300x283.png 300w\" sizes=\"auto, (max-width: 469px) 100vw, 469px\" \/><\/figure><div class=\"wp-block-media-text__content\">\n<h1 class=\"wp-block-heading has-vivid-red-color has-text-color has-link-color has-x-large-font-size wp-elements-b48aa831d609e2a6cf9314a59826fe5d\" style=\"font-style:italic;font-weight:300;letter-spacing:1px\">Innovation, Donn\u00e9es et Strat\u00e9gie : Notre Trio de Solutions<\/h1>\n\n\n\n<figure class=\"wp-block-image alignfull size-large\"><img loading=\"lazy\" decoding=\"async\" width=\"1024\" height=\"20\" src=\"http:\/\/localhost\/digit_all_test\/wp-content\/uploads\/2025\/10\/9-1024x20.jpg\" alt=\"\" class=\"wp-image-194\" srcset=\"https:\/\/digitall.cf\/wp-content\/uploads\/2025\/10\/9-1024x20.jpg 1024w, https:\/\/digitall.cf\/wp-content\/uploads\/2025\/10\/9-300x6.jpg 300w, https:\/\/digitall.cf\/wp-content\/uploads\/2025\/10\/9-768x15.jpg 768w, https:\/\/digitall.cf\/wp-content\/uploads\/2025\/10\/9-1536x30.jpg 1536w, https:\/\/digitall.cf\/wp-content\/uploads\/2025\/10\/9.jpg 1591w\" sizes=\"auto, (max-width: 1024px) 100vw, 1024px\" \/><\/figure>\n\n\n\n<hr class=\"wp-block-separator has-text-color has-vivid-red-color has-alpha-channel-opacity has-vivid-red-background-color has-background is-style-dots\"\/>\n\n\n\n<hr class=\"wp-block-separator has-text-color has-vivid-red-color has-alpha-channel-opacity has-vivid-red-background-color has-background is-style-dots\"\/>\n\n\n\n<hr class=\"wp-block-separator has-text-color has-vivid-red-color has-alpha-channel-opacity has-vivid-red-background-color has-background is-style-dots\"\/>\n\n\n\n<p class=\"has-text-align-center has-text-color has-link-color has-medium-font-size wp-elements-50fc81f182112f954282416cd372756b\" style=\"color:#054067;letter-spacing:1px\">D\u00e9couvrez comment notre approche globale allie\u00a0<strong><a href=\"http:\/\/localhost\/digit_all_test\/index.php\/la-transformation-numerique\/\" data-type=\"page\" data-id=\"206\">Transformation Num\u00e9rique<\/a>,\u00a0<a href=\"http:\/\/localhost\/digit_all_test\/index.php\/statistique-decisionnelle\/\" data-type=\"page\" data-id=\"207\">Statistique D\u00e9cisionnelle<\/a><\/strong>\u00a0et\u00a0<strong><a href=\"http:\/\/localhost\/digit_all_test\/index.php\/conseil-strategique\/\" data-type=\"page\" data-id=\"208\">Conseil Strat\u00e9gique<\/a><\/strong>\u00a0pour guider votre entreprise vers une performance durable.\u00a0<\/p>\n\n\n\n<p class=\"has-text-align-center has-text-color has-link-color has-medium-font-size wp-elements-b1bcddf4263f9325140a4f2738ec85b5\" style=\"color:#054067;letter-spacing:1px\">Nous unissons l\u2019expertise technologique, l\u2019analyse de donn\u00e9es et la r\u00e9flexion \u00e0 long terme pour transformer vos d\u00e9fis en leviers de croissance, tout en pla\u00e7ant l\u2019humain au c\u0153ur du processus.\u00a0<strong><a href=\"http:\/\/localhost\/digit_all_test\/\" data-type=\"page\" data-id=\"9\">Retour \u00e0 la page d\u2019accueil<\/a><\/strong><\/p>\n<\/div><\/div>\n","protected":false},"excerpt":{"rendered":"","protected":false},"author":1,"featured_media":0,"parent":0,"menu_order":0,"comment_status":"closed","ping_status":"closed","template":"","meta":{"footnotes":""},"class_list":["post-20","page","type-page","status-publish","hentry"],"_links":{"self":[{"href":"https:\/\/digitall.cf\/index.php\/wp-json\/wp\/v2\/pages\/20","targetHints":{"allow":["GET"]}}],"collection":[{"href":"https:\/\/digitall.cf\/index.php\/wp-json\/wp\/v2\/pages"}],"about":[{"href":"https:\/\/digitall.cf\/index.php\/wp-json\/wp\/v2\/types\/page"}],"author":[{"embeddable":true,"href":"https:\/\/digitall.cf\/index.php\/wp-json\/wp\/v2\/users\/1"}],"replies":[{"embeddable":true,"href":"https:\/\/digitall.cf\/index.php\/wp-json\/wp\/v2\/comments?post=20"}],"version-history":[{"count":7,"href":"https:\/\/digitall.cf\/index.php\/wp-json\/wp\/v2\/pages\/20\/revisions"}],"predecessor-version":[{"id":222,"href":"https:\/\/digitall.cf\/index.php\/wp-json\/wp\/v2\/pages\/20\/revisions\/222"}],"wp:attachment":[{"href":"https:\/\/digitall.cf\/index.php\/wp-json\/wp\/v2\/media?parent=20"}],"curies":[{"name":"wp","href":"https:\/\/api.w.org\/{rel}","templated":true}]}}