{"id":206,"date":"2025-10-08T14:46:09","date_gmt":"2025-10-08T12:46:09","guid":{"rendered":"http:\/\/localhost\/digit_all_test\/?page_id=206"},"modified":"2025-10-27T15:46:28","modified_gmt":"2025-10-27T14:46:28","slug":"la-transformation-numerique","status":"publish","type":"page","link":"https:\/\/digitall.cf\/index.php\/la-transformation-numerique\/","title":{"rendered":"La Transformation Num\u00e9rique"},"content":{"rendered":"\n<p class=\"has-text-color has-link-color has-medium-font-size wp-elements-cb95fdb55abf83c8d5efbbcef6e98bad\" style=\"color:#054067;font-style:normal;font-weight:400;letter-spacing:1px\">Accompagnez l\u2019\u00e9volution de votre organisation vers plus d\u2019agilit\u00e9, d\u2019innovation et de comp\u00e9titivit\u00e9.<\/p>\n\n\n\n<hr class=\"wp-block-separator has-text-color has-vivid-red-color has-alpha-channel-opacity has-vivid-red-background-color has-background is-style-dots\"\/>\n\n\n\n<hr class=\"wp-block-separator has-text-color has-vivid-red-color has-alpha-channel-opacity has-vivid-red-background-color has-background is-style-dots\"\/>\n\n\n\n<hr class=\"wp-block-separator has-text-color has-vivid-red-color has-alpha-channel-opacity has-vivid-red-background-color has-background is-style-dots\"\/>\n\n\n\n<h1 class=\"wp-block-heading alignfull has-text-color has-link-color has-x-large-font-size wp-elements-cfed5b6596c8746e512b13464571f6fb\" style=\"color:#054067;font-style:italic;font-weight:300;letter-spacing:1px\">QU\u2019EST-CE QUE LA TRANSFORMATION NUM\u00c9RIQUE\u202f?<\/h1>\n\n\n\n<figure class=\"wp-block-image alignfull size-large\"><img loading=\"lazy\" decoding=\"async\" width=\"1024\" height=\"20\" src=\"http:\/\/localhost\/digit_all_test\/wp-content\/uploads\/2025\/10\/9-1024x20.jpg\" alt=\"\" class=\"wp-image-194\" srcset=\"https:\/\/digitall.cf\/wp-content\/uploads\/2025\/10\/9-1024x20.jpg 1024w, https:\/\/digitall.cf\/wp-content\/uploads\/2025\/10\/9-300x6.jpg 300w, https:\/\/digitall.cf\/wp-content\/uploads\/2025\/10\/9-768x15.jpg 768w, https:\/\/digitall.cf\/wp-content\/uploads\/2025\/10\/9-1536x30.jpg 1536w, https:\/\/digitall.cf\/wp-content\/uploads\/2025\/10\/9.jpg 1591w\" sizes=\"auto, (max-width: 1024px) 100vw, 1024px\" \/><\/figure>\n\n\n\n<hr class=\"wp-block-separator has-text-color has-vivid-red-color has-alpha-channel-opacity has-vivid-red-background-color has-background is-style-dots\"\/>\n\n\n\n<hr class=\"wp-block-separator has-text-color has-vivid-red-color has-alpha-channel-opacity has-vivid-red-background-color has-background is-style-dots\"\/>\n\n\n\n<hr class=\"wp-block-separator has-text-color has-vivid-red-color has-alpha-channel-opacity has-vivid-red-background-color has-background is-style-dots\"\/>\n\n\n\n<div class=\"wp-block-media-text alignfull is-stacked-on-mobile\" style=\"grid-template-columns:53% auto\"><figure class=\"wp-block-media-text__media\"><img loading=\"lazy\" decoding=\"async\" width=\"623\" height=\"425\" src=\"http:\/\/localhost\/digit_all_test\/wp-content\/uploads\/2025\/10\/1_1.png\" alt=\"\" class=\"wp-image-137 size-full\" srcset=\"https:\/\/digitall.cf\/wp-content\/uploads\/2025\/10\/1_1.png 623w, https:\/\/digitall.cf\/wp-content\/uploads\/2025\/10\/1_1-300x205.png 300w\" sizes=\"auto, (max-width: 623px) 100vw, 623px\" \/><\/figure><div class=\"wp-block-media-text__content\">\n<p class=\"text_justify has-text-color has-link-color has-medium-font-size wp-elements-57364667fc79830469fef2ef4a5aa6c5\" style=\"color:#054067;font-style:normal;font-weight:400;letter-spacing:1px\">C\u2019est l\u2019adoption de technologies et de nouveaux modes de travail pour moderniser, optimiser et r\u00e9inventer vos processus. Pour Digit\u2019<strong>ALL<\/strong>, il s\u2019agit d\u2019un levier strat\u00e9gique permettant d\u2019innover plus vite, d\u2019am\u00e9liorer l\u2019exp\u00e9rience client et de renforcer votre r\u00e9silience face \u00e0 un march\u00e9 en constante \u00e9volution.<\/p>\n<\/div><\/div>\n\n\n\n<hr class=\"wp-block-separator has-text-color has-vivid-red-color has-alpha-channel-opacity has-vivid-red-background-color has-background is-style-dots\"\/>\n\n\n\n<hr class=\"wp-block-separator has-text-color has-vivid-red-color has-alpha-channel-opacity has-vivid-red-background-color has-background is-style-dots\"\/>\n\n\n\n<hr class=\"wp-block-separator has-text-color has-vivid-red-color has-alpha-channel-opacity has-vivid-red-background-color has-background is-style-dots\"\/>\n\n\n\n<h1 class=\"wp-block-heading alignfull has-text-align-right has-text-color has-link-color has-x-large-font-size wp-elements-bfa3da28096c6c0fd80a83e878c8548d\" style=\"color:#054067;font-style:italic;font-weight:300;letter-spacing:1px\">LES ENJEUX &amp; B\u00c9N\u00c9FICES<\/h1>\n\n\n\n<div class=\"wp-block-columns alignfull is-layout-flex wp-container-core-columns-is-layout-9d6595d7 wp-block-columns-is-layout-flex\">\n<div class=\"wp-block-column is-layout-flow wp-block-column-is-layout-flow\"><\/div>\n\n\n\n<div class=\"wp-block-column is-layout-flow wp-block-column-is-layout-flow\">\n<figure class=\"wp-block-image alignfull size-large\"><img loading=\"lazy\" decoding=\"async\" width=\"1024\" height=\"20\" src=\"http:\/\/localhost\/digit_all_test\/wp-content\/uploads\/2025\/10\/9-1024x20.jpg\" alt=\"\" class=\"wp-image-194\" srcset=\"https:\/\/digitall.cf\/wp-content\/uploads\/2025\/10\/9-1024x20.jpg 1024w, https:\/\/digitall.cf\/wp-content\/uploads\/2025\/10\/9-300x6.jpg 300w, https:\/\/digitall.cf\/wp-content\/uploads\/2025\/10\/9-768x15.jpg 768w, https:\/\/digitall.cf\/wp-content\/uploads\/2025\/10\/9-1536x30.jpg 1536w, https:\/\/digitall.cf\/wp-content\/uploads\/2025\/10\/9.jpg 1591w\" sizes=\"auto, (max-width: 1024px) 100vw, 1024px\" \/><\/figure>\n<\/div>\n<\/div>\n\n\n\n<hr class=\"wp-block-separator has-text-color has-vivid-red-color has-alpha-channel-opacity has-vivid-red-background-color has-background is-style-dots\"\/>\n\n\n\n<hr class=\"wp-block-separator has-text-color has-vivid-red-color has-alpha-channel-opacity has-vivid-red-background-color has-background is-style-dots\"\/>\n\n\n\n<hr class=\"wp-block-separator has-text-color has-vivid-red-color has-alpha-channel-opacity has-vivid-red-background-color has-background is-style-dots\"\/>\n\n\n\n<div class=\"wp-block-media-text alignfull has-media-on-the-right is-stacked-on-mobile\" style=\"grid-template-columns:auto 29%\"><div class=\"wp-block-media-text__content\">\n<div class=\"wp-block-group alignfull is-vertical is-layout-flex wp-container-core-group-is-layout-8cf370e7 wp-block-group-is-layout-flex\">\n<div class=\"wp-block-columns is-layout-flex wp-container-core-columns-is-layout-9d6595d7 wp-block-columns-is-layout-flex\">\n<div class=\"wp-block-column is-layout-flow wp-block-column-is-layout-flow\" style=\"flex-basis:100%\">\n<div class=\"wp-block-group\"><div class=\"wp-block-group__inner-container is-layout-constrained wp-block-group-is-layout-constrained\">\n<ul class=\"wp-block-list\">\n<li class=\"text_justify has-text-color has-link-color has-medium-font-size wp-elements-4a52cf8afcb228a3f5e9e196e9f07c5e\" style=\"color:#054067;font-style:normal;font-weight:400;letter-spacing:1px\">Gain en efficacit\u00e9 : Automatisation des t\u00e2ches, r\u00e9duction des d\u00e9lais et am\u00e9lioration de la productivit\u00e9.<\/li>\n<\/ul>\n\n\n\n<ul class=\"wp-block-list\">\n<li class=\"text_justify has-text-color has-link-color has-medium-font-size wp-elements-6c6db5887b1fc9213417cb0ed143cfd0\" style=\"color:#054067;font-style:normal;font-weight:400;letter-spacing:1px\">Meilleure exp\u00e9rience client : Personnalisation, fluidit\u00e9 des parcours et satisfaction accrue.<\/li>\n<\/ul>\n\n\n\n<ul class=\"wp-block-list\">\n<li class=\"text_justify has-text-color has-link-color has-medium-font-size wp-elements-165f87a35e29a39d695a261c84cd7a8d\" style=\"color:#054067;font-style:normal;font-weight:400;letter-spacing:1px\">D\u00e9cisions \u00e9clair\u00e9es : Exploitation de vos donn\u00e9es pour agir de mani\u00e8re proactive.<\/li>\n<\/ul>\n\n\n\n<ul class=\"wp-block-list\">\n<li class=\"text_justify has-text-color has-link-color has-medium-font-size wp-elements-60f8a76aa53753e7d278b264a38b9253\" style=\"color:#054067;font-style:normal;font-weight:400;letter-spacing:1px\">Agilit\u00e9 durable : Adaptation rapide aux tendances et opportunit\u00e9s \u00e9mergentes.<\/li>\n<\/ul>\n<\/div><\/div>\n<\/div>\n<\/div>\n<\/div>\n<\/div><figure class=\"wp-block-media-text__media\"><img loading=\"lazy\" decoding=\"async\" width=\"469\" height=\"443\" src=\"http:\/\/localhost\/digit_all_test\/wp-content\/uploads\/2025\/10\/4_4.png\" alt=\"\" class=\"wp-image-217 size-full\" srcset=\"https:\/\/digitall.cf\/wp-content\/uploads\/2025\/10\/4_4.png 469w, https:\/\/digitall.cf\/wp-content\/uploads\/2025\/10\/4_4-300x283.png 300w\" sizes=\"auto, (max-width: 469px) 100vw, 469px\" \/><\/figure><\/div>\n\n\n\n<hr class=\"wp-block-separator has-text-color has-vivid-red-color has-alpha-channel-opacity has-vivid-red-background-color has-background is-style-dots\"\/>\n\n\n\n<hr class=\"wp-block-separator has-text-color has-vivid-red-color has-alpha-channel-opacity has-vivid-red-background-color has-background is-style-dots\"\/>\n\n\n\n<hr class=\"wp-block-separator has-text-color has-vivid-red-color has-alpha-channel-opacity has-vivid-red-background-color has-background is-style-dots\"\/>\n\n\n\n<h1 class=\"wp-block-heading alignfull has-text-align-left has-text-color has-link-color has-x-large-font-size wp-elements-e161eb0dd6827bf56ab0bcf28566a009\" style=\"color:#054067;font-style:italic;font-weight:300;letter-spacing:1px\">NOTRE APPROCHE<\/h1>\n\n\n\n<div class=\"wp-block-columns alignfull is-layout-flex wp-container-core-columns-is-layout-9d6595d7 wp-block-columns-is-layout-flex\">\n<div class=\"wp-block-column is-layout-flow wp-block-column-is-layout-flow\">\n<figure class=\"wp-block-image alignfull size-large\"><img loading=\"lazy\" decoding=\"async\" width=\"1024\" height=\"20\" src=\"http:\/\/localhost\/digit_all_test\/wp-content\/uploads\/2025\/10\/9-1024x20.jpg\" alt=\"\" class=\"wp-image-194\" srcset=\"https:\/\/digitall.cf\/wp-content\/uploads\/2025\/10\/9-1024x20.jpg 1024w, https:\/\/digitall.cf\/wp-content\/uploads\/2025\/10\/9-300x6.jpg 300w, https:\/\/digitall.cf\/wp-content\/uploads\/2025\/10\/9-768x15.jpg 768w, https:\/\/digitall.cf\/wp-content\/uploads\/2025\/10\/9-1536x30.jpg 1536w, https:\/\/digitall.cf\/wp-content\/uploads\/2025\/10\/9.jpg 1591w\" sizes=\"auto, (max-width: 1024px) 100vw, 1024px\" \/><\/figure>\n<\/div>\n\n\n\n<div class=\"wp-block-column is-layout-flow wp-block-column-is-layout-flow\"><\/div>\n<\/div>\n\n\n\n<div class=\"wp-block-columns alignfull is-layout-flex wp-container-core-columns-is-layout-9d6595d7 wp-block-columns-is-layout-flex\">\n<div class=\"wp-block-column is-layout-flow wp-block-column-is-layout-flow\">\n<h4 class=\"wp-block-heading has-vivid-red-color has-text-color has-link-color wp-elements-e4aaba9577514caa1e353704a499b81a\" style=\"letter-spacing:1px\"><strong><strong>Diagnostic Initial<\/strong><\/strong><\/h4>\n\n\n\n<ul class=\"wp-block-list\">\n<li class=\"text_justify\">Analyse de vos processus et de votre infrastructure existante.<\/li>\n<\/ul>\n\n\n\n<ul class=\"wp-block-list\">\n<li class=\"text_justify\">Identification des besoins et des axes d\u2019am\u00e9lioration (dont la mise en place d\u2019une archive num\u00e9rique et la cr\u00e9ation d\u2019un r\u00e9seau local).<\/li>\n<\/ul>\n<\/div>\n\n\n\n<div class=\"wp-block-column is-layout-flow wp-block-column-is-layout-flow\">\n<h4 class=\"wp-block-heading has-vivid-red-color has-text-color has-link-color wp-elements-4e8200a7bbacddd9412f17fd16243163\" style=\"letter-spacing:1px\"><strong><strong><strong>Feuille de Route<\/strong><\/strong><\/strong><\/h4>\n\n\n\n<ul class=\"wp-block-list\">\n<li>D\u00e9finition d\u2019objectifs mesurables et d\u2019indicateurs de performance.<\/li>\n<\/ul>\n\n\n\n<ul class=\"wp-block-list\">\n<li class=\"text_justify\">S\u00e9lection de solutions technologiques adapt\u00e9es \u00e0 votre contexte et vos contraintes.<\/li>\n<\/ul>\n<\/div>\n<\/div>\n\n\n\n<hr class=\"wp-block-separator has-text-color has-vivid-red-color has-alpha-channel-opacity has-vivid-red-background-color has-background is-style-dots\"\/>\n\n\n\n<hr class=\"wp-block-separator has-text-color has-vivid-red-color has-alpha-channel-opacity has-vivid-red-background-color has-background is-style-dots\"\/>\n\n\n\n<hr class=\"wp-block-separator has-text-color has-vivid-red-color has-alpha-channel-opacity has-vivid-red-background-color has-background is-style-dots\"\/>\n\n\n\n<div class=\"wp-block-columns alignfull is-layout-flex wp-container-core-columns-is-layout-9d6595d7 wp-block-columns-is-layout-flex\">\n<div class=\"wp-block-column is-layout-flow wp-block-column-is-layout-flow\">\n<h4 class=\"wp-block-heading has-vivid-red-color has-text-color has-link-color wp-elements-54fb9ce6b37716cf942a97d1de01a2bd\" style=\"letter-spacing:1px\"><strong><strong>Mise en \u0152uvre<\/strong><\/strong><\/h4>\n\n\n\n<ul class=\"wp-block-list\">\n<li class=\"text_justify\">Archivage num\u00e9rique : D\u00e9mat\u00e9rialisation s\u00e9curis\u00e9e de vos documents, acc\u00e8s simplifi\u00e9 et protection renforc\u00e9e contre la perte de donn\u00e9es.<\/li>\n<\/ul>\n\n\n\n<ul class=\"wp-block-list\">\n<li class=\"text_justify\">R\u00e9seau local (LAN) : Installation ou optimisation d\u2019une infrastructure fiable et performante, avec un niveau de s\u00e9curit\u00e9 adapt\u00e9 \u00e0 vos enjeux.<\/li>\n<\/ul>\n<\/div>\n\n\n\n<div class=\"wp-block-column is-layout-flow wp-block-column-is-layout-flow\">\n<h4 class=\"wp-block-heading has-vivid-red-color has-text-color has-link-color wp-elements-846744f03a3968913c398d5d2d08eb84\" style=\"letter-spacing:1px\"><strong><strong>Formation et conduite du changement aupr\u00e8s de vos \u00e9quipes.<\/strong><\/strong><\/h4>\n\n\n\n<ul class=\"wp-block-list\">\n<li class=\"text_justify\">Pilotage et Optimisation Continue.<\/li>\n<\/ul>\n\n\n\n<ul class=\"wp-block-list\">\n<li class=\"text_justify\">Suivi r\u00e9gulier des indicateurs cl\u00e9s.<\/li>\n<\/ul>\n\n\n\n<ul class=\"wp-block-list\">\n<li class=\"text_justify\">Ajustements en temps r\u00e9el pour maintenir et am\u00e9liorer vos performances.<\/li>\n<\/ul>\n\n\n\n<ul class=\"wp-block-list\">\n<li class=\"text_justify\">Veille technologique pour anticiper les futurs d\u00e9fis.<\/li>\n<\/ul>\n<\/div>\n<\/div>\n\n\n\n<hr class=\"wp-block-separator has-text-color has-vivid-red-color has-alpha-channel-opacity has-vivid-red-background-color has-background is-style-dots\"\/>\n\n\n\n<hr class=\"wp-block-separator has-text-color has-vivid-red-color has-alpha-channel-opacity has-vivid-red-background-color has-background is-style-dots\"\/>\n\n\n\n<hr class=\"wp-block-separator has-text-color has-vivid-red-color has-alpha-channel-opacity has-vivid-red-background-color has-background is-style-dots\"\/>\n\n\n\n<h1 class=\"wp-block-heading alignfull has-text-align-center has-text-color has-link-color has-x-large-font-size wp-elements-ed3c217aa2b9e59c04485a459660cc75\" style=\"color:#054067;font-style:italic;font-weight:300;letter-spacing:1px\">NOTRE APPROCHE<\/h1>\n\n\n\n<figure class=\"wp-block-image alignfull size-large\"><img loading=\"lazy\" decoding=\"async\" width=\"1024\" height=\"20\" src=\"http:\/\/localhost\/digit_all_test\/wp-content\/uploads\/2025\/10\/9-1024x20.jpg\" alt=\"\" class=\"wp-image-194\" srcset=\"https:\/\/digitall.cf\/wp-content\/uploads\/2025\/10\/9-1024x20.jpg 1024w, https:\/\/digitall.cf\/wp-content\/uploads\/2025\/10\/9-300x6.jpg 300w, https:\/\/digitall.cf\/wp-content\/uploads\/2025\/10\/9-768x15.jpg 768w, https:\/\/digitall.cf\/wp-content\/uploads\/2025\/10\/9-1536x30.jpg 1536w, https:\/\/digitall.cf\/wp-content\/uploads\/2025\/10\/9.jpg 1591w\" sizes=\"auto, (max-width: 1024px) 100vw, 1024px\" \/><\/figure>\n\n\n\n<hr class=\"wp-block-separator has-text-color has-vivid-red-color has-alpha-channel-opacity has-vivid-red-background-color has-background is-style-dots\"\/>\n\n\n\n<hr class=\"wp-block-separator has-text-color has-vivid-red-color has-alpha-channel-opacity has-vivid-red-background-color has-background is-style-dots\"\/>\n\n\n\n<hr class=\"wp-block-separator has-text-color has-vivid-red-color has-alpha-channel-opacity has-vivid-red-background-color has-background is-style-dots\"\/>\n\n\n\n<div class=\"wp-block-media-text alignfull is-stacked-on-mobile\" style=\"grid-template-columns:40% auto\"><figure class=\"wp-block-media-text__media\"><img loading=\"lazy\" decoding=\"async\" width=\"469\" height=\"443\" src=\"http:\/\/localhost\/digit_all_test\/wp-content\/uploads\/2025\/10\/4_4.png\" alt=\"\" class=\"wp-image-217 size-full\" srcset=\"https:\/\/digitall.cf\/wp-content\/uploads\/2025\/10\/4_4.png 469w, https:\/\/digitall.cf\/wp-content\/uploads\/2025\/10\/4_4-300x283.png 300w\" sizes=\"auto, (max-width: 469px) 100vw, 469px\" \/><\/figure><div class=\"wp-block-media-text__content\">\n<div class=\"wp-block-group alignfull is-vertical is-layout-flex wp-container-core-group-is-layout-8cf370e7 wp-block-group-is-layout-flex\">\n<div class=\"wp-block-columns is-layout-flex wp-container-core-columns-is-layout-9d6595d7 wp-block-columns-is-layout-flex\">\n<div class=\"wp-block-column is-layout-flow wp-block-column-is-layout-flow\" style=\"flex-basis:100%\">\n<div class=\"wp-block-group\"><div class=\"wp-block-group__inner-container is-layout-constrained wp-block-group-is-layout-constrained\">\n<ul class=\"wp-block-list\">\n<li class=\"text_justify has-text-color has-link-color has-medium-font-size wp-elements-9623305e2ecad574d62d82c1b491b8f4\" style=\"color:#054067;font-style:normal;font-weight:400;letter-spacing:1px\"><strong>Client :&nbsp;<\/strong>PME dans la distribution.<\/li>\n<\/ul>\n\n\n\n<ul class=\"wp-block-list\">\n<li class=\"text_justify has-text-color has-link-color has-medium-font-size wp-elements-684845d0e227157b1b0ce0ad50e2da7b\" style=\"color:#054067;font-style:normal;font-weight:400;letter-spacing:1px\"><strong>Challenge :&nbsp;<\/strong>Mettre en place un syst\u00e8me d\u2019archivage num\u00e9rique s\u00e9curis\u00e9 et un r\u00e9seau local performant pour moderniser la gestion des donn\u00e9es et am\u00e9liorer la communication interne.<\/li>\n<\/ul>\n\n\n\n<ul class=\"wp-block-list\">\n<li class=\"text_justify has-text-color has-link-color has-medium-font-size wp-elements-6e8e09b5ffdec5948f010822f864aef6\" style=\"color:#054067;font-style:normal;font-weight:400;letter-spacing:1px\"><strong>R\u00e9sultat :<\/strong>&nbsp;Diminution de 30\u202f% du temps consacr\u00e9 aux t\u00e2ches administratives, acc\u00e8s simplifi\u00e9 \u00e0 l\u2019information et s\u00e9curisation accrue.<\/li>\n<\/ul>\n<\/div><\/div>\n<\/div>\n<\/div>\n<\/div>\n<\/div><\/div>\n\n\n\n<figure class=\"wp-block-image alignfull size-large\"><img loading=\"lazy\" decoding=\"async\" width=\"1024\" height=\"20\" src=\"http:\/\/localhost\/digit_all_test\/wp-content\/uploads\/2025\/10\/9-1024x20.jpg\" alt=\"\" class=\"wp-image-194\" srcset=\"https:\/\/digitall.cf\/wp-content\/uploads\/2025\/10\/9-1024x20.jpg 1024w, https:\/\/digitall.cf\/wp-content\/uploads\/2025\/10\/9-300x6.jpg 300w, https:\/\/digitall.cf\/wp-content\/uploads\/2025\/10\/9-768x15.jpg 768w, https:\/\/digitall.cf\/wp-content\/uploads\/2025\/10\/9-1536x30.jpg 1536w, https:\/\/digitall.cf\/wp-content\/uploads\/2025\/10\/9.jpg 1591w\" sizes=\"auto, (max-width: 1024px) 100vw, 1024px\" \/><\/figure>\n","protected":false},"excerpt":{"rendered":"<p>Accompagnez l\u2019\u00e9volution de votre organisation vers plus d\u2019agilit\u00e9, d\u2019innovation et de comp\u00e9titivit\u00e9. QU\u2019EST-CE QUE LA TRANSFORMATION NUM\u00c9RIQUE\u202f? C\u2019est l\u2019adoption de technologies et de nouveaux modes de travail pour moderniser, optimiser et r\u00e9inventer vos processus. Pour Digit\u2019ALL, il s\u2019agit d\u2019un levier strat\u00e9gique permettant d\u2019innover plus vite, d\u2019am\u00e9liorer l\u2019exp\u00e9rience client et de renforcer votre r\u00e9silience face \u00e0 [&hellip;]<\/p>\n","protected":false},"author":1,"featured_media":0,"parent":0,"menu_order":0,"comment_status":"closed","ping_status":"closed","template":"","meta":{"footnotes":""},"class_list":["post-206","page","type-page","status-publish","hentry"],"_links":{"self":[{"href":"https:\/\/digitall.cf\/index.php\/wp-json\/wp\/v2\/pages\/206","targetHints":{"allow":["GET"]}}],"collection":[{"href":"https:\/\/digitall.cf\/index.php\/wp-json\/wp\/v2\/pages"}],"about":[{"href":"https:\/\/digitall.cf\/index.php\/wp-json\/wp\/v2\/types\/page"}],"author":[{"embeddable":true,"href":"https:\/\/digitall.cf\/index.php\/wp-json\/wp\/v2\/users\/1"}],"replies":[{"embeddable":true,"href":"https:\/\/digitall.cf\/index.php\/wp-json\/wp\/v2\/comments?post=206"}],"version-history":[{"count":50,"href":"https:\/\/digitall.cf\/index.php\/wp-json\/wp\/v2\/pages\/206\/revisions"}],"predecessor-version":[{"id":581,"href":"https:\/\/digitall.cf\/index.php\/wp-json\/wp\/v2\/pages\/206\/revisions\/581"}],"wp:attachment":[{"href":"https:\/\/digitall.cf\/index.php\/wp-json\/wp\/v2\/media?parent=206"}],"curies":[{"name":"wp","href":"https:\/\/api.w.org\/{rel}","templated":true}]}}