{"id":21,"date":"2025-07-13T02:23:30","date_gmt":"2025-07-13T00:23:30","guid":{"rendered":"http:\/\/localhost\/digit_all_test\/?page_id=21"},"modified":"2025-10-20T00:25:14","modified_gmt":"2025-10-19T22:25:14","slug":"pourquoi-nous","status":"publish","type":"page","link":"https:\/\/digitall.cf\/index.php\/pourquoi-nous\/","title":{"rendered":"Pourquoi nous choisir\u202f?"},"content":{"rendered":"\n<p class=\"has-text-align-center text_justify has-text-color has-link-color has-medium-font-size wp-elements-facebc380f40e7cc5f22c5129f85fcee\" style=\"color:#054067;font-style:italic;font-weight:500;letter-spacing:1px\">En choisissant Digit\u2019<strong>ALL<\/strong>, vous optez pour un partenaire qui s\u2019engage \u00e0 faire de votre transformation un v\u00e9ritable levier de croissance et de diff\u00e9renciation, tout en prot\u00e9geant vos investissements et en pla\u00e7ant l\u2019humain au c\u0153ur du changement.<\/p>\n\n\n\n<figure class=\"wp-block-image alignfull size-large\"><img loading=\"lazy\" decoding=\"async\" width=\"1024\" height=\"20\" src=\"http:\/\/localhost\/digit_all_test\/wp-content\/uploads\/2025\/10\/9-1024x20.jpg\" alt=\"\" class=\"wp-image-194\" srcset=\"https:\/\/digitall.cf\/wp-content\/uploads\/2025\/10\/9-1024x20.jpg 1024w, https:\/\/digitall.cf\/wp-content\/uploads\/2025\/10\/9-300x6.jpg 300w, https:\/\/digitall.cf\/wp-content\/uploads\/2025\/10\/9-768x15.jpg 768w, https:\/\/digitall.cf\/wp-content\/uploads\/2025\/10\/9-1536x30.jpg 1536w, https:\/\/digitall.cf\/wp-content\/uploads\/2025\/10\/9.jpg 1591w\" sizes=\"auto, (max-width: 1024px) 100vw, 1024px\" \/><\/figure>\n\n\n\n<hr class=\"wp-block-separator alignfull has-text-color has-vivid-red-color has-alpha-channel-opacity has-vivid-red-background-color has-background is-style-dots\"\/>\n\n\n\n<hr class=\"wp-block-separator alignfull has-text-color has-vivid-red-color has-alpha-channel-opacity has-vivid-red-background-color has-background is-style-dots\"\/>\n\n\n\n<hr class=\"wp-block-separator alignfull has-text-color has-vivid-red-color has-alpha-channel-opacity has-vivid-red-background-color has-background is-style-dots\"\/>\n\n\n\n<div class=\"wp-block-columns alignfull is-layout-flex wp-container-core-columns-is-layout-9d6595d7 wp-block-columns-is-layout-flex\">\n<div class=\"wp-block-column is-vertically-aligned-stretch is-layout-flow wp-block-column-is-layout-flow\"><div class=\"wp-block-image\">\n<figure class=\"aligncenter size-full is-resized\"><img loading=\"lazy\" decoding=\"async\" width=\"600\" height=\"400\" src=\"http:\/\/localhost\/digit_all_test\/wp-content\/uploads\/2025\/10\/cis_01.png\" alt=\"\" class=\"wp-image-350\" style=\"width:196px;height:auto\" srcset=\"https:\/\/digitall.cf\/wp-content\/uploads\/2025\/10\/cis_01.png 600w, https:\/\/digitall.cf\/wp-content\/uploads\/2025\/10\/cis_01-300x200.png 300w\" sizes=\"auto, (max-width: 600px) 100vw, 600px\" \/><\/figure>\n<\/div>\n\n\n<hr class=\"wp-block-separator aligncenter has-text-color has-vivid-red-color has-alpha-channel-opacity has-vivid-red-background-color has-background is-style-dots\"\/>\n\n\n\n<h4 class=\"wp-block-heading has-text-align-center\" style=\"font-style:normal;font-weight:600;letter-spacing:1px\">Une approche sur mesure<\/h4>\n\n\n\n<hr class=\"wp-block-separator aligncenter has-text-color has-vivid-red-color has-alpha-channel-opacity has-vivid-red-background-color has-background is-style-dots\"\/>\n\n\n\n<p class=\"has-text-align-center text_justify has-medium-font-size\" style=\"font-style:normal;font-weight:400;letter-spacing:1px\">Nous partons toujours de vos sp\u00e9cificit\u00e9s et de vos objectifs pour cr\u00e9er des solutions technologiques adapt\u00e9es. Chaque mission est pens\u00e9e pour s\u2019int\u00e9grer naturellement dans votre environnement et r\u00e9pondre \u00e0 vos enjeux m\u00e9tiers.<\/p>\n<\/div>\n\n\n\n<div class=\"wp-block-column is-layout-flow wp-block-column-is-layout-flow\"><div class=\"wp-block-image\">\n<figure class=\"aligncenter size-full is-resized\"><img loading=\"lazy\" decoding=\"async\" width=\"600\" height=\"400\" src=\"http:\/\/localhost\/digit_all_test\/wp-content\/uploads\/2025\/10\/cis_01.png\" alt=\"\" class=\"wp-image-350\" style=\"width:196px\" srcset=\"https:\/\/digitall.cf\/wp-content\/uploads\/2025\/10\/cis_01.png 600w, https:\/\/digitall.cf\/wp-content\/uploads\/2025\/10\/cis_01-300x200.png 300w\" sizes=\"auto, (max-width: 600px) 100vw, 600px\" \/><\/figure>\n<\/div>\n\n\n<hr class=\"wp-block-separator aligncenter has-text-color has-vivid-red-color has-alpha-channel-opacity has-vivid-red-background-color has-background is-style-dots\"\/>\n\n\n\n<h4 class=\"wp-block-heading has-text-align-center\" style=\"font-style:normal;font-weight:600;letter-spacing:1px\">Un accompagnement pluridisciplinaire<\/h4>\n\n\n\n<hr class=\"wp-block-separator aligncenter has-text-color has-vivid-red-color has-alpha-channel-opacity has-vivid-red-background-color has-background is-style-dots\"\/>\n\n\n\n<p class=\"has-text-align-center text_justify has-medium-font-size\" style=\"font-style:normal;font-weight:400;letter-spacing:1px\">Nos \u00e9quipes combinent des comp\u00e9tences vari\u00e9es en digitalisation, statistique d\u00e9cisionnelle et conseil strat\u00e9gique. Cette compl\u00e9mentarit\u00e9 nous permet d\u2019agir sur l\u2019ensemble de la cha\u00eene de valeur\u202f: de l\u2019analyse des donn\u00e9es \u00e0 l\u2019int\u00e9gration des nouveaux outils, en passant par la d\u00e9finition d\u2019une feuille de route coh\u00e9rente.<\/p>\n<\/div>\n\n\n\n<div class=\"wp-block-column is-layout-flow wp-block-column-is-layout-flow\"><div class=\"wp-block-image\">\n<figure class=\"aligncenter size-full is-resized\"><img loading=\"lazy\" decoding=\"async\" width=\"600\" height=\"400\" src=\"http:\/\/localhost\/digit_all_test\/wp-content\/uploads\/2025\/10\/cis_01.png\" alt=\"\" class=\"wp-image-350\" style=\"width:196px\" srcset=\"https:\/\/digitall.cf\/wp-content\/uploads\/2025\/10\/cis_01.png 600w, https:\/\/digitall.cf\/wp-content\/uploads\/2025\/10\/cis_01-300x200.png 300w\" sizes=\"auto, (max-width: 600px) 100vw, 600px\" \/><\/figure>\n<\/div>\n\n\n<hr class=\"wp-block-separator has-text-color has-vivid-red-color has-alpha-channel-opacity has-vivid-red-background-color has-background is-style-dots\"\/>\n\n\n\n<h4 class=\"wp-block-heading has-text-align-center\">La force de l\u2019analyse de donn\u00e9es<\/h4>\n\n\n\n<hr class=\"wp-block-separator has-text-color has-vivid-red-color has-alpha-channel-opacity has-vivid-red-background-color has-background is-style-dots\"\/>\n\n\n\n<p class=\"has-text-align-center text_justify has-medium-font-size\" style=\"font-style:normal;font-weight:400;letter-spacing:1px\">Au c\u0153ur de notre savoir-faire, l\u2019exploitation intelligente des donn\u00e9es vous garantit des d\u00e9cisions \u00e9clair\u00e9es et mesurables. Nous transformons vos donn\u00e9es brutes en leviers de comp\u00e9titivit\u00e9 et en sources d\u2019opportunit\u00e9s.<\/p>\n<\/div>\n<\/div>\n\n\n\n<figure class=\"wp-block-image alignfull size-large\"><img loading=\"lazy\" decoding=\"async\" width=\"1024\" height=\"20\" src=\"http:\/\/localhost\/digit_all_test\/wp-content\/uploads\/2025\/10\/9-1024x20.jpg\" alt=\"\" class=\"wp-image-194\" srcset=\"https:\/\/digitall.cf\/wp-content\/uploads\/2025\/10\/9-1024x20.jpg 1024w, https:\/\/digitall.cf\/wp-content\/uploads\/2025\/10\/9-300x6.jpg 300w, https:\/\/digitall.cf\/wp-content\/uploads\/2025\/10\/9-768x15.jpg 768w, https:\/\/digitall.cf\/wp-content\/uploads\/2025\/10\/9-1536x30.jpg 1536w, https:\/\/digitall.cf\/wp-content\/uploads\/2025\/10\/9.jpg 1591w\" sizes=\"auto, (max-width: 1024px) 100vw, 1024px\" \/><\/figure>\n\n\n\n<hr class=\"wp-block-separator alignfull has-text-color has-vivid-red-color has-alpha-channel-opacity has-vivid-red-background-color has-background is-style-dots\"\/>\n\n\n\n<hr class=\"wp-block-separator alignfull has-text-color has-vivid-red-color has-alpha-channel-opacity has-vivid-red-background-color has-background is-style-dots\"\/>\n\n\n\n<hr class=\"wp-block-separator alignfull has-text-color has-vivid-red-color has-alpha-channel-opacity has-vivid-red-background-color has-background is-style-dots\"\/>\n\n\n\n<div class=\"wp-block-columns alignfull is-layout-flex wp-container-core-columns-is-layout-9d6595d7 wp-block-columns-is-layout-flex\">\n<div class=\"wp-block-column is-vertically-aligned-stretch is-layout-flow wp-block-column-is-layout-flow\"><div class=\"wp-block-image\">\n<figure class=\"aligncenter size-full is-resized\"><img loading=\"lazy\" decoding=\"async\" width=\"600\" height=\"400\" src=\"http:\/\/localhost\/digit_all_test\/wp-content\/uploads\/2025\/10\/cis_01.png\" alt=\"\" class=\"wp-image-350\" style=\"width:196px;height:auto\" srcset=\"https:\/\/digitall.cf\/wp-content\/uploads\/2025\/10\/cis_01.png 600w, https:\/\/digitall.cf\/wp-content\/uploads\/2025\/10\/cis_01-300x200.png 300w\" sizes=\"auto, (max-width: 600px) 100vw, 600px\" \/><\/figure>\n<\/div>\n\n\n<hr class=\"wp-block-separator aligncenter has-text-color has-vivid-red-color has-alpha-channel-opacity has-vivid-red-background-color has-background is-style-dots\"\/>\n\n\n\n<h4 class=\"wp-block-heading has-text-align-center\" style=\"font-style:normal;font-weight:600;letter-spacing:1px\">Un engagement durable<\/h4>\n\n\n\n<hr class=\"wp-block-separator aligncenter has-text-color has-vivid-red-color has-alpha-channel-opacity has-vivid-red-background-color has-background is-style-dots\"\/>\n\n\n\n<p class=\"has-text-align-center text_justify has-medium-font-size\" style=\"font-style:normal;font-weight:400;letter-spacing:1px\">Notre ambition va au-del\u00e0 de la simple impl\u00e9mentation de technologies. Nous veillons \u00e0 mettre en place des processus et des solutions p\u00e9rennes, tout en accompagnant vos collaborateurs pour favoriser l\u2019adh\u00e9sion et capitaliser sur le long terme.<\/p>\n<\/div>\n\n\n\n<div class=\"wp-block-column is-layout-flow wp-block-column-is-layout-flow\"><div class=\"wp-block-image\">\n<figure class=\"aligncenter size-full is-resized\"><img loading=\"lazy\" decoding=\"async\" width=\"600\" height=\"400\" src=\"http:\/\/localhost\/digit_all_test\/wp-content\/uploads\/2025\/10\/cis_01.png\" alt=\"\" class=\"wp-image-350\" style=\"width:196px\" srcset=\"https:\/\/digitall.cf\/wp-content\/uploads\/2025\/10\/cis_01.png 600w, https:\/\/digitall.cf\/wp-content\/uploads\/2025\/10\/cis_01-300x200.png 300w\" sizes=\"auto, (max-width: 600px) 100vw, 600px\" \/><\/figure>\n<\/div>\n\n\n<hr class=\"wp-block-separator aligncenter has-text-color has-vivid-red-color has-alpha-channel-opacity has-vivid-red-background-color has-background is-style-dots\"\/>\n\n\n\n<h4 class=\"wp-block-heading has-text-align-center\" style=\"font-style:normal;font-weight:600;letter-spacing:1px\">L\u2019humain au centre de la transformation<\/h4>\n\n\n\n<hr class=\"wp-block-separator aligncenter has-text-color has-vivid-red-color has-alpha-channel-opacity has-vivid-red-background-color has-background is-style-dots\"\/>\n\n\n\n<p class=\"has-text-align-center text_justify has-medium-font-size\" style=\"font-style:normal;font-weight:400;letter-spacing:1px\">Nous pla\u00e7ons la dimension humaine au c\u0153ur de chaque projet. Que ce soit en formant vos \u00e9quipes ou en co-construisant les outils dont elles ont r\u00e9ellement besoin, nous nous assurons que la transformation s\u2019op\u00e8re de mani\u00e8re fluide et accept\u00e9e par tous.<\/p>\n<\/div>\n\n\n\n<div class=\"wp-block-column is-layout-flow wp-block-column-is-layout-flow\"><div class=\"wp-block-image\">\n<figure class=\"aligncenter size-full is-resized\"><img loading=\"lazy\" decoding=\"async\" width=\"600\" height=\"400\" src=\"http:\/\/localhost\/digit_all_test\/wp-content\/uploads\/2025\/10\/cis_01.png\" alt=\"\" class=\"wp-image-350\" style=\"width:196px\" srcset=\"https:\/\/digitall.cf\/wp-content\/uploads\/2025\/10\/cis_01.png 600w, https:\/\/digitall.cf\/wp-content\/uploads\/2025\/10\/cis_01-300x200.png 300w\" sizes=\"auto, (max-width: 600px) 100vw, 600px\" \/><\/figure>\n<\/div>\n\n\n<hr class=\"wp-block-separator has-text-color has-vivid-red-color has-alpha-channel-opacity has-vivid-red-background-color has-background is-style-dots\"\/>\n\n\n\n<h4 class=\"wp-block-heading has-text-align-center\">Une vision tourn\u00e9e vers l\u2019avenir<\/h4>\n\n\n\n<hr class=\"wp-block-separator has-text-color has-vivid-red-color has-alpha-channel-opacity has-vivid-red-background-color has-background is-style-dots\"\/>\n\n\n\n<p class=\"has-text-align-center text_justify has-medium-font-size\" style=\"font-style:normal;font-weight:400;letter-spacing:1px\">Nos recommandations ne se limitent pas aux tendances actuelles\u202f: nous anticipons les \u00e9volutions futures pour vous permettre de rester comp\u00e9titif et de saisir de nouvelles opportunit\u00e9s, aujourd\u2019hui et demain.<\/p>\n<\/div>\n<\/div>\n\n\n\n<figure class=\"wp-block-image alignfull size-large\"><img loading=\"lazy\" decoding=\"async\" width=\"1024\" height=\"20\" src=\"http:\/\/localhost\/digit_all_test\/wp-content\/uploads\/2025\/10\/9-1024x20.jpg\" alt=\"\" class=\"wp-image-194\" srcset=\"https:\/\/digitall.cf\/wp-content\/uploads\/2025\/10\/9-1024x20.jpg 1024w, https:\/\/digitall.cf\/wp-content\/uploads\/2025\/10\/9-300x6.jpg 300w, https:\/\/digitall.cf\/wp-content\/uploads\/2025\/10\/9-768x15.jpg 768w, https:\/\/digitall.cf\/wp-content\/uploads\/2025\/10\/9-1536x30.jpg 1536w, https:\/\/digitall.cf\/wp-content\/uploads\/2025\/10\/9.jpg 1591w\" sizes=\"auto, (max-width: 1024px) 100vw, 1024px\" \/><\/figure>\n","protected":false},"excerpt":{"rendered":"<p>En choisissant Digit\u2019ALL, vous optez pour un partenaire qui s\u2019engage \u00e0 faire de votre transformation un v\u00e9ritable levier de croissance et de diff\u00e9renciation, tout en prot\u00e9geant vos investissements et en pla\u00e7ant l\u2019humain au c\u0153ur du changement. Une approche sur mesure Nous partons toujours de vos sp\u00e9cificit\u00e9s et de vos objectifs pour cr\u00e9er des solutions technologiques [&hellip;]<\/p>\n","protected":false},"author":1,"featured_media":0,"parent":0,"menu_order":0,"comment_status":"closed","ping_status":"closed","template":"","meta":{"footnotes":""},"class_list":["post-21","page","type-page","status-publish","hentry"],"_links":{"self":[{"href":"https:\/\/digitall.cf\/index.php\/wp-json\/wp\/v2\/pages\/21","targetHints":{"allow":["GET"]}}],"collection":[{"href":"https:\/\/digitall.cf\/index.php\/wp-json\/wp\/v2\/pages"}],"about":[{"href":"https:\/\/digitall.cf\/index.php\/wp-json\/wp\/v2\/types\/page"}],"author":[{"embeddable":true,"href":"https:\/\/digitall.cf\/index.php\/wp-json\/wp\/v2\/users\/1"}],"replies":[{"embeddable":true,"href":"https:\/\/digitall.cf\/index.php\/wp-json\/wp\/v2\/comments?post=21"}],"version-history":[{"count":20,"href":"https:\/\/digitall.cf\/index.php\/wp-json\/wp\/v2\/pages\/21\/revisions"}],"predecessor-version":[{"id":495,"href":"https:\/\/digitall.cf\/index.php\/wp-json\/wp\/v2\/pages\/21\/revisions\/495"}],"wp:attachment":[{"href":"https:\/\/digitall.cf\/index.php\/wp-json\/wp\/v2\/media?parent=21"}],"curies":[{"name":"wp","href":"https:\/\/api.w.org\/{rel}","templated":true}]}}