{"id":423,"date":"2025-10-13T18:53:05","date_gmt":"2025-10-13T16:53:05","guid":{"rendered":"http:\/\/localhost\/digit_all_test\/?page_id=423"},"modified":"2025-10-13T18:53:05","modified_gmt":"2025-10-13T16:53:05","slug":"politique-de-confidentialite-2","status":"publish","type":"page","link":"https:\/\/digitall.cf\/index.php\/politique-de-confidentialite-2\/","title":{"rendered":"Politique de confidentialit\u00e9"},"content":{"rendered":"\n<h2 class=\"wp-block-heading has-text-color has-link-color wp-elements-3e0a718a431c73139cb16bacd890a534\" style=\"color:#054067\">1. Confidentialit\u00e9 des donn\u00e9es<\/h2>\n\n\n\n<p>Chez Digit&rsquo;ALL, nous accordons une grande importance \u00e0 la confidentialit\u00e9 des donn\u00e9es. Nous collectons des informations dans le but d&rsquo;am\u00e9liorer l&rsquo;exp\u00e9rience de nos utilisateurs et de fournir des services personnalis\u00e9s. Les donn\u00e9es collect\u00e9es sont trait\u00e9es de mani\u00e8re s\u00e9curis\u00e9e et ne sont en aucun cas partag\u00e9es avec des tiers sans consentement.<\/p>\n\n\n\n<h2 class=\"wp-block-heading has-text-color has-link-color wp-elements-95a2e963432eea860e9938205526019b\" style=\"color:#054067\">2. Utilisation des donn\u00e9es<\/h2>\n\n\n\n<p>Les donn\u00e9es que nous recueillons sont utilis\u00e9es dans le but de fournir, maintenir, prot\u00e9ger et am\u00e9liorer nos services, ainsi que pour d\u00e9velopper de nouveaux services. Elles nous aident \u00e0 personnaliser le contenu que vous voyez, y compris les publicit\u00e9s et \u00e0 vous proposer des suggestions pertinentes.<\/p>\n\n\n\n<h2 class=\"wp-block-heading has-text-color has-link-color wp-elements-77324769037d1cd6bb2776ba2a773d1d\" style=\"color:#054067\">3. Partage des donn\u00e9es<\/h2>\n\n\n\n<p>Nous ne partageons pas vos informations personnelles avec des entreprises, des organisations ou des individus ext\u00e9rieurs \u00e0 Digit&rsquo;ALL, sauf dans les cas suivants : avec votre consentement, pour des raisons l\u00e9gales, ou pour r\u00e9pondre \u00e0 des obligations contractuelles.<\/p>\n\n\n\n<h2 class=\"wp-block-heading has-text-color has-link-color wp-elements-5927d52e5e21cab4405f25aab787fcf3\" style=\"color:#054067\">4. Vos choix<\/h2>\n\n\n\n<p>Vous avez le contr\u00f4le sur vos donn\u00e9es. Pour en savoir plus sur la mani\u00e8re dont nous utilisons vos donn\u00e9es et pour g\u00e9rer vos pr\u00e9f\u00e9rences de confidentialit\u00e9, veuillez nous contacter. Vous pouvez \u00e9galement consulter notre politique de confidentialit\u00e9 compl\u00e8te pour plus d&rsquo;informations.<\/p>\n","protected":false},"excerpt":{"rendered":"<p>1. Confidentialit\u00e9 des donn\u00e9es Chez Digit&rsquo;ALL, nous accordons une grande importance \u00e0 la confidentialit\u00e9 des donn\u00e9es. Nous collectons des informations dans le but d&rsquo;am\u00e9liorer l&rsquo;exp\u00e9rience de nos utilisateurs et de fournir des services personnalis\u00e9s. Les donn\u00e9es collect\u00e9es sont trait\u00e9es de mani\u00e8re s\u00e9curis\u00e9e et ne sont en aucun cas partag\u00e9es avec des tiers sans consentement. 2. [&hellip;]<\/p>\n","protected":false},"author":1,"featured_media":0,"parent":0,"menu_order":0,"comment_status":"closed","ping_status":"closed","template":"","meta":{"footnotes":""},"class_list":["post-423","page","type-page","status-publish","hentry"],"_links":{"self":[{"href":"https:\/\/digitall.cf\/index.php\/wp-json\/wp\/v2\/pages\/423","targetHints":{"allow":["GET"]}}],"collection":[{"href":"https:\/\/digitall.cf\/index.php\/wp-json\/wp\/v2\/pages"}],"about":[{"href":"https:\/\/digitall.cf\/index.php\/wp-json\/wp\/v2\/types\/page"}],"author":[{"embeddable":true,"href":"https:\/\/digitall.cf\/index.php\/wp-json\/wp\/v2\/users\/1"}],"replies":[{"embeddable":true,"href":"https:\/\/digitall.cf\/index.php\/wp-json\/wp\/v2\/comments?post=423"}],"version-history":[{"count":1,"href":"https:\/\/digitall.cf\/index.php\/wp-json\/wp\/v2\/pages\/423\/revisions"}],"predecessor-version":[{"id":424,"href":"https:\/\/digitall.cf\/index.php\/wp-json\/wp\/v2\/pages\/423\/revisions\/424"}],"wp:attachment":[{"href":"https:\/\/digitall.cf\/index.php\/wp-json\/wp\/v2\/media?parent=423"}],"curies":[{"name":"wp","href":"https:\/\/api.w.org\/{rel}","templated":true}]}}